{"id":9,"date":"2020-01-06T13:23:35","date_gmt":"2020-01-06T13:23:35","guid":{"rendered":"https:\/\/cmzig.com\/?page_id=9"},"modified":"2021-04-08T16:05:59","modified_gmt":"2021-04-08T11:05:59","slug":"nos-projets-en-cours","status":"publish","type":"page","link":"https:\/\/cmzig.com\/?page_id=9","title":{"rendered":"Nos projets"},"content":{"rendered":"\n<h3 class=\"wp-block-heading\">PROJETS PROMOTIONNELS<\/h3>\n\n\n\n<ul class=\"wp-block-list\"><li>R\u00e9habilitation de cantines au Village Artisanal<\/li><li>Construction d&rsquo;un centre artisanal d&rsquo;art \u00e0 Diembereng<\/li><\/ul>\n\n\n\n<p>PROJETS INSTITUTIONNELS<\/p>\n\n\n\n<ul class=\"wp-block-list\"><li>R\u00e9habilitation du si\u00e8ge de la Chambre de M\u00e9tiers<\/li><li>Construction d&rsquo;une salle multifonctionnelle<\/li><\/ul>\n\n\n\n<p>PROJETS DANS LE DOMAINE DE LA FORMATION<\/p>\n\n\n\n<p>Acc\u00e8s \u00e9quitable \u00e0 la formation professionnelle (ACEFOP)<\/p>\n","protected":false},"excerpt":{"rendered":"<p>PROJETS PROMOTIONNELS R\u00e9habilitation de cantines au Village Artisanal Construction d&rsquo;un centre artisanal d&rsquo;art \u00e0 Diembereng PROJETS INSTITUTIONNELS R\u00e9habilitation du si\u00e8ge de la Chambre de M\u00e9tiers Construction d&rsquo;une salle multifonctionnelle PROJETS DANS LE DOMAINE DE LA FORMATION Acc\u00e8s \u00e9quitable \u00e0 la formation professionnelle (ACEFOP)<\/p>\n","protected":false},"author":1,"featured_media":0,"parent":0,"menu_order":0,"comment_status":"closed","ping_status":"closed","template":"","meta":{"footnotes":""},"class_list":["post-9","page","type-page","status-publish","hentry"],"_links":{"self":[{"href":"https:\/\/cmzig.com\/index.php?rest_route=\/wp\/v2\/pages\/9","targetHints":{"allow":["GET"]}}],"collection":[{"href":"https:\/\/cmzig.com\/index.php?rest_route=\/wp\/v2\/pages"}],"about":[{"href":"https:\/\/cmzig.com\/index.php?rest_route=\/wp\/v2\/types\/page"}],"author":[{"embeddable":true,"href":"https:\/\/cmzig.com\/index.php?rest_route=\/wp\/v2\/users\/1"}],"replies":[{"embeddable":true,"href":"https:\/\/cmzig.com\/index.php?rest_route=%2Fwp%2Fv2%2Fcomments&post=9"}],"version-history":[{"count":6,"href":"https:\/\/cmzig.com\/index.php?rest_route=\/wp\/v2\/pages\/9\/revisions"}],"predecessor-version":[{"id":576,"href":"https:\/\/cmzig.com\/index.php?rest_route=\/wp\/v2\/pages\/9\/revisions\/576"}],"wp:attachment":[{"href":"https:\/\/cmzig.com\/index.php?rest_route=%2Fwp%2Fv2%2Fmedia&parent=9"}],"curies":[{"name":"wp","href":"https:\/\/api.w.org\/{rel}","templated":true}]}}