{"id":5,"date":"2020-01-06T13:22:29","date_gmt":"2020-01-06T13:22:29","guid":{"rendered":"https:\/\/cmzig.com\/?page_id=5"},"modified":"2020-01-09T14:34:45","modified_gmt":"2020-01-09T14:34:45","slug":"qui-nous-sommes","status":"publish","type":"page","link":"https:\/\/cmzig.com\/?page_id=5","title":{"rendered":"Qui nous sommes"},"content":{"rendered":"\n<h2 class=\"has-text-align-center wp-block-heading\"> <strong>NOUS SOMMES UNE UNE INSTITUTION<\/strong> <\/h2>\n\n\n\n<p class=\"has-text-align-left\">Cr\u00e9\u00e9e par la loi n\u00b0 77-92 du 10 Ao\u00fbt 1977, la Chambre de&nbsp;&nbsp;&nbsp; M\u00e9tiers est un \u00e9tablissement public \u00e0 caract\u00e8re professionnel charg\u00e9 d&rsquo;assurer la repr\u00e9sentation r\u00e9gionale&nbsp; des int\u00e9r\u00eats de l&rsquo;artisanat aupr\u00e8s des pouvoirs publics et&nbsp; plac\u00e9e sous la tutelle du Minist\u00e8re de l\u2019Industrie et de l&rsquo;artisanat. Cette institution, charg\u00e9e de la promotion de l&rsquo;artisanat &nbsp;r\u00e9gional, constitue un p\u00f4le indispensable de coordination&nbsp;n\u00e9cessaire aux diverses conduites dans l&rsquo;artisanat.<\/p>\n\n\n\n<h2 class=\"has-text-align-center wp-block-heading\"> <strong>NOUS SOMMES UNE EQUIPE<\/strong><\/h2>\n\n\n\n<p>La Chambre de M\u00e9tiers est administr\u00e9e par une Assembl\u00e9e&nbsp;&nbsp;&nbsp;&nbsp; G\u00e9n\u00e9rale de vingt sept (27) membres titulaires \u00e9lus dont&nbsp;&nbsp;&nbsp; vingt et un (21) chefs d&rsquo;entreprises et six (O6) compagnons.&nbsp;&nbsp; La dur\u00e9e du mandat des membres de l&rsquo;Assembl\u00e9e G\u00e9n\u00e9rale &nbsp;des Chambres de m\u00e9tiers est de six (O6) ans. <br>Les membres sortants sont r\u00e9\u00e9ligibles.<br>L&rsquo;Assembl\u00e9e G\u00e9n\u00e9rale \u00e9lit un Bureau de sept (O7) membres.<br>La dur\u00e9e du mandat des membres du bureau est de trois (O3) ans, renouvelables.<\/p>\n\n\n\n<p>La Chambre de M\u00e9tiers dispose de services administratifs et techniques.Les services administratifs sont dirig\u00e9s par un Secr\u00e9taire G\u00e9n\u00e9ral nomm\u00e9 par arr\u00eat\u00e9 du Ministre de l\u2019industrie de l&rsquo;Artisanat apr\u00e8s avis consultatif du bureau de la Chambre de&nbsp; M\u00e9tiers.<br>Les services techniques sont dirig\u00e9s par un Agent Technique.<\/p>\n\n\n\n<h2 class=\"has-text-align-center wp-block-heading\"><strong>ORGANIGRAMME<\/strong> <\/h2>\n\n\n\n<figure class=\"wp-block-table is-style-stripes\"><table class=\"\"><tbody><tr><td><\/td><td class=\"has-text-align-center\" data-align=\"center\"><\/td><td class=\"has-text-align-center\" data-align=\"center\"><strong>ASSEMBLEE GENERALE<\/strong><br> de 27 membres<br> (organe de d\u00e9cision)<\/td><td class=\"has-text-align-center\" data-align=\"center\"><\/td><td><\/td><\/tr><tr><td><\/td><td class=\"has-text-align-center\" data-align=\"center\"><br><br> &#8212;&#8212;&#8212;&#8212;&#8211; <\/td><td class=\"has-text-align-center\" data-align=\"center\">|<br>|<br>  &#8212;&#8212;&#8212;&#8212;&#8211;  <\/td><td class=\"has-text-align-center\" data-align=\"center\"> <br><br>&#8212;&#8212;&#8212;&#8212;&#8211; <\/td><td><\/td><\/tr><tr><td><\/td><td class=\"has-text-align-center\" data-align=\"center\"><strong>BUREAU <\/strong>(SECTIONS)<br> Production<br> Service <br>Art<\/td><td class=\"has-text-align-center\" data-align=\"center\"><\/td><td class=\"has-text-align-center\" data-align=\"center\"><strong>COMMISSIONS <\/strong><br> Finances<br> Formation profes.<br> Qualification et r\u00e9pertoire<br> Foire et Exposition<br> March\u00e9 <\/td><td><\/td><\/tr><tr><td><\/td><td class=\"has-text-align-center\" data-align=\"center\"><\/td><td class=\"has-text-align-center\" data-align=\"center\"> |<br>|<br>  &#8212;&#8212;&#8212;&#8212;&#8211;   <\/td><td class=\"has-text-align-center\" data-align=\"center\"><\/td><td><\/td><\/tr><tr><td><\/td><td class=\"has-text-align-center\" data-align=\"center\"><\/td><td class=\"has-text-align-center\" data-align=\"center\"><strong>BUREAU<\/strong><br> O7 MEMBRES <\/td><td class=\"has-text-align-center\" data-align=\"center\"><\/td><td><\/td><\/tr><tr><td><\/td><td class=\"has-text-align-center\" data-align=\"center\"><\/td><td class=\"has-text-align-center\" data-align=\"center\"> |<br>|<br>  &#8212;&#8212;&#8212;&#8212;&#8211;   <\/td><td class=\"has-text-align-center\" data-align=\"center\"><\/td><td><\/td><\/tr><tr><td><\/td><td class=\"has-text-align-center\" data-align=\"center\"><\/td><td class=\"has-text-align-center\" data-align=\"center\"><strong>PRESIDENT<\/strong><br> Repr\u00e9sentant     <br> moral C.M.<\/td><td class=\"has-text-align-center\" data-align=\"center\"><\/td><td><\/td><\/tr><tr><td><\/td><td class=\"has-text-align-center\" data-align=\"center\"><\/td><td class=\"has-text-align-center\" data-align=\"center\"> |<br>|<br>  &#8212;&#8212;&#8212;&#8212;&#8211;   <\/td><td class=\"has-text-align-center\" data-align=\"center\"><\/td><td><\/td><\/tr><tr><td><\/td><td class=\"has-text-align-center\" data-align=\"center\"><\/td><td class=\"has-text-align-center\" data-align=\"center\"><strong>SECRETAIRE<br> GENERAL<\/strong><\/td><td class=\"has-text-align-center\" data-align=\"center\"><\/td><td><\/td><\/tr><tr><td> <br><br>&#8212;&#8212;&#8212;&#8212;&#8211; <\/td><td class=\"has-text-align-center\" data-align=\"center\"><br><br>&#8212;&#8212;&#8212;&#8212;&#8211;<\/td><td class=\"has-text-align-center\" data-align=\"center\"> |<br>|<br>  &#8212;&#8212;&#8212;&#8212;&#8211;   <\/td><td class=\"has-text-align-center\" data-align=\"center\"><br><br> &#8212;&#8212;&#8212;&#8212;&#8211; <\/td><td><\/td><\/tr><tr><td><strong>COMPTABLE<\/strong><\/td><td class=\"has-text-align-center\" data-align=\"center\"><strong>REPERT-<br>ORISTE<\/strong><\/td><td class=\"has-text-align-center\" data-align=\"center\"><strong>CHEF<br> SERV. TECH.<\/strong><\/td><td class=\"has-text-align-center\" data-align=\"center\"> <strong>SECRETAIRE<\/strong> <\/td><td><\/td><\/tr><tr><td><\/td><td class=\"has-text-align-center\" data-align=\"center\"><br> <br>&#8212;&#8212;&#8212;&#8212;&#8211; <\/td><td class=\"has-text-align-center\" data-align=\"center\"> |<br>|<br>  &#8212;&#8212;&#8212;&#8212;&#8211;    <\/td><td class=\"has-text-align-center\" data-align=\"center\"><br><br> &#8212;&#8212;&#8212;&#8212;&#8211; <\/td><td><\/td><\/tr><tr><td><\/td><td class=\"has-text-align-center\" data-align=\"center\"><strong>ANTENNES<br>DEPARTEM-<br>ENTALES<\/strong><\/td><td class=\"has-text-align-center\" data-align=\"center\"><\/td><td class=\"has-text-align-center\" data-align=\"center\"><strong>CENTRE<br>ARTISANAL<\/strong><\/td><td><\/td><\/tr><\/tbody><\/table><\/figure>\n\n\n\n<p><\/p>\n\n\n\n<p><\/p>\n","protected":false},"excerpt":{"rendered":"<p>NOUS SOMMES UNE UNE INSTITUTION Cr\u00e9\u00e9e par la loi n\u00b0 77-92 du 10 Ao\u00fbt 1977, la Chambre de&nbsp;&nbsp;&nbsp; M\u00e9tiers est un \u00e9tablissement public \u00e0 caract\u00e8re professionnel charg\u00e9 d&rsquo;assurer la repr\u00e9sentation r\u00e9gionale&nbsp; des int\u00e9r\u00eats de l&rsquo;artisanat aupr\u00e8s des pouvoirs publics et&nbsp; plac\u00e9e sous la tutelle du Minist\u00e8re de l\u2019Industrie et de l&rsquo;artisanat. Cette institution, charg\u00e9e de &hellip; <\/p>\n<p class=\"link-more\"><a href=\"https:\/\/cmzig.com\/?page_id=5\" class=\"more-link\">Continuer la lecture<span class=\"screen-reader-text\"> de &laquo; Qui nous sommes &raquo;<\/span><\/a><\/p>\n","protected":false},"author":1,"featured_media":0,"parent":0,"menu_order":0,"comment_status":"closed","ping_status":"closed","template":"","meta":{"footnotes":""},"class_list":["post-5","page","type-page","status-publish","hentry"],"_links":{"self":[{"href":"https:\/\/cmzig.com\/index.php?rest_route=\/wp\/v2\/pages\/5","targetHints":{"allow":["GET"]}}],"collection":[{"href":"https:\/\/cmzig.com\/index.php?rest_route=\/wp\/v2\/pages"}],"about":[{"href":"https:\/\/cmzig.com\/index.php?rest_route=\/wp\/v2\/types\/page"}],"author":[{"embeddable":true,"href":"https:\/\/cmzig.com\/index.php?rest_route=\/wp\/v2\/users\/1"}],"replies":[{"embeddable":true,"href":"https:\/\/cmzig.com\/index.php?rest_route=%2Fwp%2Fv2%2Fcomments&post=5"}],"version-history":[{"count":18,"href":"https:\/\/cmzig.com\/index.php?rest_route=\/wp\/v2\/pages\/5\/revisions"}],"predecessor-version":[{"id":195,"href":"https:\/\/cmzig.com\/index.php?rest_route=\/wp\/v2\/pages\/5\/revisions\/195"}],"wp:attachment":[{"href":"https:\/\/cmzig.com\/index.php?rest_route=%2Fwp%2Fv2%2Fmedia&parent=5"}],"curies":[{"name":"wp","href":"https:\/\/api.w.org\/{rel}","templated":true}]}}