{"id":487,"date":"2020-01-28T20:13:42","date_gmt":"2020-01-28T15:13:42","guid":{"rendered":"https:\/\/cmzig.com\/?page_id=487"},"modified":"2020-02-03T19:49:33","modified_gmt":"2020-02-03T14:49:33","slug":"echos-des-organisations","status":"publish","type":"page","link":"https:\/\/cmzig.com\/?page_id=487","title":{"rendered":"Echos des organisations"},"content":{"rendered":"\n<h2 class=\"has-vivid-cyan-blue-color has-text-color has-text-align-center wp-block-heading\"><strong>Mouvement des Tailleurs du <\/strong><br><strong>S\u00e9n\u00e9gal (MTS) Zone sud<\/strong><\/h2>\n\n\n\n<div class=\"wp-block-columns is-layout-flex wp-container-core-columns-is-layout-9d6595d7 wp-block-columns-is-layout-flex\">\n<div class=\"wp-block-column is-layout-flow wp-block-column-is-layout-flow\">\n<figure class=\"wp-block-image size-large is-resized\"><img loading=\"lazy\" decoding=\"async\" src=\"https:\/\/cmz-test.pantheoninfo.com\/wp-content\/uploads\/2020\/01\/IMG-20200113-WA0021-768x1024.jpg\" alt=\"\" class=\"wp-image-282\" width=\"152\" height=\"202\"\/><figcaption>                          Madame KEITA Pr\u00e9sident MTS Ziguinchor<\/figcaption><\/figure>\n<\/div>\n\n\n\n<div class=\"wp-block-column is-layout-flow wp-block-column-is-layout-flow\">\n<figure class=\"wp-block-image size-large is-resized\"><img loading=\"lazy\" decoding=\"async\" src=\"https:\/\/cmz-test.pantheoninfo.com\/wp-content\/uploads\/2020\/01\/IMG-20200113-WA0017-1-768x1024.jpg\" alt=\"\" class=\"wp-image-429\" width=\"141\" height=\"188\"\/><figcaption>Mamore DIAGNE<br>Pr\u00e9sident des jeunes MTS de Ziguinchor<\/figcaption><\/figure>\n<\/div>\n<\/div>\n\n\n\n<p> Le Mouvement des Tailleurs du S\u00e9n\u00e9gal (MTS) est un regroupement professionnel qui vise principalement l&rsquo;\u00e9panouissement de ses membres par:<br>      1- Le rassemblement des acteurs par la sensibilisation \u00e0 travers les activit\u00e9s men\u00e9es sur toute l&rsquo;\u00e9tendue du territoire national,<br>     2- La capacitation des membres \u00e0 travers des programmes de formation,<br>    3- La recherche de solutions de financement, en vue d&rsquo;am\u00e9liorer les outils de travail. <\/p>\n\n\n\n<h2 class=\"has-vivid-green-cyan-color has-text-color wp-block-heading\"><strong>Formation des tailleurs de Ziguinchor les 08 et 09 janvier 2020 \u00e0 la Chambre de M\u00e9tiers<\/strong><\/h2>\n\n\n\n<h2 class=\"wp-block-heading\"><\/h2>\n\n\n\n<div class=\"wp-block-columns is-layout-flex wp-container-core-columns-is-layout-9d6595d7 wp-block-columns-is-layout-flex\">\n<div class=\"wp-block-column is-layout-flow wp-block-column-is-layout-flow\">\n<figure class=\"wp-block-image size-large\"><img decoding=\"async\" src=\"https:\/\/cmz-test.pantheoninfo.com\/wp-content\/uploads\/2020\/01\/IMG-20200113-WA0009-768x1024.jpg\" alt=\"\" class=\"wp-image-277\"\/><\/figure>\n<\/div>\n\n\n\n<div class=\"wp-block-column is-layout-flow wp-block-column-is-layout-flow\">\n<figure class=\"wp-block-image size-large is-resized\"><img loading=\"lazy\" decoding=\"async\" src=\"https:\/\/cmz-test.pantheoninfo.com\/wp-content\/uploads\/2020\/01\/IMG-20200123-WA0031-576x1024.jpg\" alt=\"\" class=\"wp-image-430\" width=\"207\" height=\"353\"\/><\/figure>\n<\/div>\n<\/div>\n\n\n\n<h4 class=\"has-luminous-vivid-amber-color has-text-color wp-block-heading\">Images de la caravane de Diaob\u00e9<\/h4>\n\n\n\n<div class=\"alignnormal\"><div id=\"metaslider-id-311\" style=\"width: 100%;\" class=\"ml-slider-3-98-0 metaslider metaslider-flex metaslider-311 ml-slider ms-theme-default\" role=\"region\" aria-roledescription=\"Slideshow\" aria-label=\"MTS DIAOBE\" data-width=\"1080\">\n    <div id=\"metaslider_container_311\">\n        <div id=\"metaslider_311\">\n            <ul class='slides'>\n            <\/ul>\n        <\/div>\n        \n    <\/div>\n<\/div><\/div>\n\n\n\n<h1 class=\"has-vivid-red-color has-text-color wp-block-heading\"><strong>FOIRE SOUS-REGIONALE DE ZIGUINCHOR<\/strong><\/h1>\n\n\n\n<p class=\"has-text-color has-text-align-left has-medium-font-size has-vivid-cyan-blue-color\"><strong>Ziguinchor va vibrer du 30 janvier au 10 f\u00e9vrier,  \u00e0 la Place de Gao, au rythme de la foire sous-r\u00e9gionale, organis\u00e9e par  le Conseil National des Artisans du S\u00e9n\u00e9gal (CNAS)<\/strong><\/p>\n","protected":false},"excerpt":{"rendered":"<p>Mouvement des Tailleurs du S\u00e9n\u00e9gal (MTS) Zone sud Le Mouvement des Tailleurs du S\u00e9n\u00e9gal (MTS) est un regroupement professionnel qui vise principalement l&rsquo;\u00e9panouissement de ses membres par: 1- Le rassemblement des acteurs par la sensibilisation \u00e0 travers les activit\u00e9s men\u00e9es sur toute l&rsquo;\u00e9tendue du territoire national, 2- La capacitation des membres \u00e0 travers des programmes &hellip; <\/p>\n<p class=\"link-more\"><a href=\"https:\/\/cmzig.com\/?page_id=487\" class=\"more-link\">Continuer la lecture<span class=\"screen-reader-text\"> de &laquo; Echos des organisations &raquo;<\/span><\/a><\/p>\n","protected":false},"author":1,"featured_media":0,"parent":0,"menu_order":0,"comment_status":"closed","ping_status":"closed","template":"","meta":{"footnotes":""},"class_list":["post-487","page","type-page","status-publish","hentry"],"_links":{"self":[{"href":"https:\/\/cmzig.com\/index.php?rest_route=\/wp\/v2\/pages\/487","targetHints":{"allow":["GET"]}}],"collection":[{"href":"https:\/\/cmzig.com\/index.php?rest_route=\/wp\/v2\/pages"}],"about":[{"href":"https:\/\/cmzig.com\/index.php?rest_route=\/wp\/v2\/types\/page"}],"author":[{"embeddable":true,"href":"https:\/\/cmzig.com\/index.php?rest_route=\/wp\/v2\/users\/1"}],"replies":[{"embeddable":true,"href":"https:\/\/cmzig.com\/index.php?rest_route=%2Fwp%2Fv2%2Fcomments&post=487"}],"version-history":[{"count":19,"href":"https:\/\/cmzig.com\/index.php?rest_route=\/wp\/v2\/pages\/487\/revisions"}],"predecessor-version":[{"id":565,"href":"https:\/\/cmzig.com\/index.php?rest_route=\/wp\/v2\/pages\/487\/revisions\/565"}],"wp:attachment":[{"href":"https:\/\/cmzig.com\/index.php?rest_route=%2Fwp%2Fv2%2Fmedia&parent=487"}],"curies":[{"name":"wp","href":"https:\/\/api.w.org\/{rel}","templated":true}]}}