{"id":150,"date":"2020-01-09T11:24:46","date_gmt":"2020-01-09T11:24:46","guid":{"rendered":"https:\/\/cmzig.com\/?page_id=150"},"modified":"2020-01-09T12:23:55","modified_gmt":"2020-01-09T12:23:55","slug":"sinscrire","status":"publish","type":"page","link":"https:\/\/cmzig.com\/?page_id=150","title":{"rendered":"S&rsquo;inscrire"},"content":{"rendered":"\n<h2 class=\"wp-block-heading\"><strong>ARTISAN<\/strong><\/h2>\n\n\n\n<ol class=\"wp-block-list\"><li> une photocopie l\u00e9galis\u00e9e carte d\u2019identit\u00e9 nationale&nbsp;;<\/li><li>deux photos d\u2019identit\u00e9<\/li><li>une photocopie l\u00e9galis\u00e9e de l\u2019attestation de fin d&rsquo;apprentissage ou de travail&nbsp;;<\/li><li>une somme de cinq mille (5&nbsp;000 F CFA).<\/li><\/ol>\n\n\n\n<p class=\"has-text-align-left\">NB : Chaque 2 ans, la carte d\u2019artisan doit \u00eatre renouvel\u00e9e pour mille cinq cents (1 500 FCFA) ;<\/p>\n\n\n\n<h2 class=\"wp-block-heading\"><strong>COMPAGNON<\/strong><\/h2>\n\n\n\n<ol class=\"wp-block-list\"><li>une photocopie l\u00e9galis\u00e9e carte nationale d\u2019identit\u00e9&nbsp;;<\/li><li>trois photos d\u2019identit\u00e9&nbsp;;<\/li><li>une photocopie l\u00e9galis\u00e9e de l\u2019attestation de fin d\u2019apprentissage&nbsp;;<\/li><li>une somme de 1&nbsp;500 FCFA&nbsp;;<\/li><\/ol>\n\n\n\n<p>NB&nbsp;: Chaque 2 ans, la carte de compagnon doit \u00eatre renouvel\u00e9e pour  1000 FCFA&nbsp;;<\/p>\n\n\n\n<h2 class=\"wp-block-heading\"><strong>APPRENTI<\/strong><\/h2>\n\n\n\n<ol class=\"wp-block-list\"><li>trois photos d\u2019identit\u00e9<\/li><li>une photocopie l\u00e9galis\u00e9e de la carte nationale d\u2019identit\u00e9 du\u00a0ma\u00eetre-artisan (formateur)\u00a0;<\/li><li>une somme de mille (1\u00a0000 F CFA)<\/li><\/ol>\n\n\n\n<p>NB) Chaque 2 ans, l\u2019inscription de l\u2019entreprise individuelle doit \u00eatre\u00a0 renouvel\u00e9e pour 1\u00a0500 F CFA.<\/p>\n\n\n\n<h2 class=\"wp-block-heading\"><strong>ENTREPRISE<\/strong><\/h2>\n\n\n\n<ol class=\"wp-block-list\"><li>une photocopie l\u00e9galis\u00e9e de la carte nationale d\u2019identit\u00e9\u00a0;<\/li><li>deux photos d\u2019identit\u00e9\u00a0;<\/li><li>une photocopie l\u00e9galis\u00e9e du registre de commerce\u00a0;\u00a0<\/li><li>une somme de quatre mille (4\u00a0000 F CFA)<\/li><\/ol>\n\n\n\n<p>NB: Chaque 2 ans, l\u2019inscription de l\u2019entreprise individuelle doit \u00eatre\u00a0<strong> <\/strong><\/p>\n\n\n\n<h2 class=\"wp-block-heading\"><strong>G.I.E \u2013 ASSOCIATION &#8211; COOP\u00c9RATIVE<\/strong><\/h2>\n\n\n\n<ul class=\"wp-block-list\"><li>une photocopie des statuts<\/li><li>une photocopie l\u00e9galis\u00e9e du registre de commerce\u00a0;<\/li><li>une photocopie l\u00e9galis\u00e9e des cartes nationales d\u2019identit\u00e9 des\u00a0 membres\u00a0;\u00a0\u00a0\u00a0<\/li><li>trois photos d\u2019identit\u00e9 du Pr\u00e9sident<\/li><li>une somme de vingt mille (20\u00a0000 F CFA)<\/li><\/ul>\n\n\n\n<p>NB: Chaque 2 ans, l\u2019inscription du G.I.E \u2013 Association \u2013 Coop\u00e9rative\u00a0\u00a0\u00a0\u00a0\u00a0\u00a0 doit \u00eatre\u00a0 renouvel\u00e9e pour 10\u00a0000  F CFA.<\/p>\n","protected":false},"excerpt":{"rendered":"<p>ARTISAN une photocopie l\u00e9galis\u00e9e carte d\u2019identit\u00e9 nationale&nbsp;; deux photos d\u2019identit\u00e9 une photocopie l\u00e9galis\u00e9e de l\u2019attestation de fin d&rsquo;apprentissage ou de travail&nbsp;; une somme de cinq mille (5&nbsp;000 F CFA). NB : Chaque 2 ans, la carte d\u2019artisan doit \u00eatre renouvel\u00e9e pour mille cinq cents (1 500 FCFA) ; COMPAGNON une photocopie l\u00e9galis\u00e9e carte nationale d\u2019identit\u00e9&nbsp;; &hellip; <\/p>\n<p class=\"link-more\"><a href=\"https:\/\/cmzig.com\/?page_id=150\" class=\"more-link\">Continuer la lecture<span class=\"screen-reader-text\"> de &laquo; S&rsquo;inscrire &raquo;<\/span><\/a><\/p>\n","protected":false},"author":1,"featured_media":0,"parent":0,"menu_order":0,"comment_status":"closed","ping_status":"closed","template":"","meta":{"footnotes":""},"class_list":["post-150","page","type-page","status-publish","hentry"],"_links":{"self":[{"href":"https:\/\/cmzig.com\/index.php?rest_route=\/wp\/v2\/pages\/150","targetHints":{"allow":["GET"]}}],"collection":[{"href":"https:\/\/cmzig.com\/index.php?rest_route=\/wp\/v2\/pages"}],"about":[{"href":"https:\/\/cmzig.com\/index.php?rest_route=\/wp\/v2\/types\/page"}],"author":[{"embeddable":true,"href":"https:\/\/cmzig.com\/index.php?rest_route=\/wp\/v2\/users\/1"}],"replies":[{"embeddable":true,"href":"https:\/\/cmzig.com\/index.php?rest_route=%2Fwp%2Fv2%2Fcomments&post=150"}],"version-history":[{"count":8,"href":"https:\/\/cmzig.com\/index.php?rest_route=\/wp\/v2\/pages\/150\/revisions"}],"predecessor-version":[{"id":162,"href":"https:\/\/cmzig.com\/index.php?rest_route=\/wp\/v2\/pages\/150\/revisions\/162"}],"wp:attachment":[{"href":"https:\/\/cmzig.com\/index.php?rest_route=%2Fwp%2Fv2%2Fmedia&parent=150"}],"curies":[{"name":"wp","href":"https:\/\/api.w.org\/{rel}","templated":true}]}}